{"id":5052,"date":"2014-07-21T14:46:58","date_gmt":"2014-07-21T14:46:58","guid":{"rendered":"https:\/\/kleincuracao.cw\/about-the-resembid-project\/"},"modified":"2023-07-20T19:41:42","modified_gmt":"2023-07-20T19:41:42","slug":"about-the-resembid-project","status":"publish","type":"page","link":"https:\/\/kleincuracao.cw\/nl\/about-the-resembid-project\/","title":{"rendered":"Over het Klein Cura\u00e7ao-project"},"content":{"rendered":"<style type=\"text\/css\"> \n#cmsms_row_69e607a90d97e .cmsms_row_outer_parent { \n\tpadding-top: 40px; \n} \n\n#cmsms_row_69e607a90d97e .cmsms_row_outer_parent { \n\tpadding-bottom: 0px; \n} \n\n \n#cmsms_heading_69e607a90dd55, #cmsms_heading_69e607a90dd55 a { \n\tcolor:#197bbd; color:rgba(25, 123, 189, 1);\n\tfont-size:28px; \n\ttext-align:left; \n\tfont-weight:bold; \n\tfont-style:normal; \n\tmargin-top:0px; \n\tmargin-bottom:30px; \n} \n \n#cmsms_row_69e607a90de04 .cmsms_row_outer_parent { \n\tpadding-top: 0px; \n} \n\n#cmsms_row_69e607a90de04 .cmsms_row_outer_parent { \n\tpadding-bottom: 0px; \n} \n\n \n#cmsms_divider_69e607a90de9e { \n\tpadding-top:40px; \n\tmargin-bottom:40px; \n} \n \n#cmsms_row_69e607a90dee0 .cmsms_row_outer_parent { \n\tpadding-bottom: 0px; \n} \n\n \n#cmsms_heading_69e607a90df7d, #cmsms_heading_69e607a90df7d a { \n\tcolor:#197bbd; color:rgba(25, 123, 189, 1);\n\tfont-size:28px; \n\ttext-align:left; \n\tfont-weight:bold; \n\tfont-style:normal; \n\tmargin-top:0px; \n\tmargin-bottom:30px; \n} \n \n#cmsms_row_69e607a90e205 .cmsms_row_outer_parent { \n\tpadding-top: 0px; \n} \n\n#cmsms_row_69e607a90e205 .cmsms_row_outer_parent { \n\tpadding-bottom: 0px; \n} \n\n \n#cmsms_divider_69e607a90e283 { \n\tpadding-top:40px; \n\tmargin-bottom:40px; \n} \n \n#cmsms_row_69e607a90e2c9 .cmsms_row_outer_parent { \n\tpadding-bottom: 0px; \n} \n\n \n#cmsms_heading_69e607a90e52f, #cmsms_heading_69e607a90e52f a { \n\tcolor:#197bbd; color:rgba(25, 123, 189, 1);\n\tfont-size:28px; \n\ttext-align:left; \n\tfont-weight:bold; \n\tfont-style:normal; \n\tmargin-top:0px; \n\tmargin-bottom:30px; \n} \n \n#cmsms_row_69e607a90e5bf .cmsms_row_outer_parent { \n\tpadding-top: 0px; \n} \n\n#cmsms_row_69e607a90e5bf .cmsms_row_outer_parent { \n\tpadding-bottom: 0px; \n} \n\n \n#cmsms_divider_69e607a90e637 { \n\tpadding-top:40px; \n\tmargin-bottom:40px; \n} \n \n#cmsms_row_69e607a90e674 .cmsms_row_outer_parent { \n\tpadding-bottom: 0px; \n} \n\n \n#cmsms_heading_69e607a90e749, #cmsms_heading_69e607a90e749 a { \n\tcolor:#197bbd; color:rgba(25, 123, 189, 1);\n\tfont-size:28px; \n\ttext-align:left; \n\tfont-weight:bold; \n\tfont-style:normal; \n\tmargin-top:0px; \n\tmargin-bottom:30px; \n} \n \n#cmsms_row_69e607a90e9f8 .cmsms_row_outer_parent { \n\tpadding-top: 0px; \n} \n\n#cmsms_row_69e607a90e9f8 .cmsms_row_outer_parent { \n\tpadding-bottom: 0px; \n} \n\n \n#cmsms_divider_69e607a90ea76 { \n\tpadding-top:40px; \n\tmargin-bottom:40px; \n} \n \n#cmsms_row_69e607a90eab7 .cmsms_row_outer_parent { \n\tpadding-bottom: 40px; \n} \n\n \n#cmsms_heading_69e607a90ec07, #cmsms_heading_69e607a90ec07 a { \n\tcolor:#197bbd; color:rgba(25, 123, 189, 1);\n\tfont-size:28px; \n\ttext-align:center; \n\tfont-weight:bold; \n\tfont-style:normal; \n\tmargin-top:0px; \n\tmargin-bottom:30px; \n} \n \n#cmsms_row_69e607a90ed84 .cmsms_row_outer_parent { \n\tpadding-top: 0px; \n} \n\n#cmsms_row_69e607a90ed84 .cmsms_row_outer_parent { \n\tpadding-bottom: 40px; \n} \n\n \n#cmsms_clients_69e607a90ee2c .cmsms_clients_item { height:160px; line-height:160px; } \n#cmsms_clients_69e607a90ee2c .cmsms_clients_item a { line-height:160px; } \n \n#cmsms_clients_69e607a90f16e .cmsms_clients_item { height:160px; line-height:160px; } \n#cmsms_clients_69e607a90f16e .cmsms_clients_item a { line-height:160px; } \n \n#cmsms_clients_69e607a90f74b .cmsms_clients_item { height:160px; line-height:160px; } \n#cmsms_clients_69e607a90f74b .cmsms_clients_item a { line-height:160px; } \n \n#cmsms_clients_69e607a90fd70 .cmsms_clients_item { height:160px; line-height:160px; } \n#cmsms_clients_69e607a90fd70 .cmsms_clients_item a { line-height:160px; } \n<\/style><div id=\"cmsms_row_69e607a90d97e\" class=\"cmsms_row cmsms_color_scheme_default\">\n<div class=\"cmsms_row_outer_parent\">\n<div class=\"cmsms_row_outer\">\n<div class=\"cmsms_row_inner\">\n<div class=\"cmsms_row_margin\">\n<div class=\"cmsms_column one_third\">\n<div class=\"cmsms_img  cmsms_image_n\" data-animation=\"fadeInLeft\" data-delay=\"0\">\n<img decoding=\"async\" src=\"https:\/\/i0.wp.com\/kleincuracao.cw\/wp-content\/uploads\/2023\/06\/KC-WEBSITE-IMAGE-4.jpg?fit=300%2C171&#038;ssl=1\" \/>\n<\/div>\n<\/div>\n<div class=\"cmsms_column two_third\">\n<h1 id=\"cmsms_heading_69e607a90dd55\" class=\"cmsms_heading\">Ramsar gebied<\/h1><div class=\"cmsms_text\">\n<p>Klein Cura\u00e7ao is een klein, onbewoond eiland dat ongeveer 11 kilometer ten zuidoosten van de kust van Cura\u00e7ao ligt. Dit gebied staat bekend om zijn ongerepte koraalriffen, overvloed aan diverse vissoorten en biomassa, evenals zijn broed- en nestgronden voor verschillende soorten zee-reptielen en vogels. In erkenning van het ecologische belang, werd Klein Cura\u00e7ao in 2018 ge\u00efdentificeerd als een Ramsar gebied.<\/p>\n<p>De missie van de Ramsar-conventie is de conservatie en het verstandige gebruik van alle wetlands door lokale en nationale acties en internationale samenwerking, als een bijdrage aan het bereiken van duurzame ontwikkeling wereldwijd.<\/p>\n<\/div>\n<\/div>\n<\/div>\n<\/div>\n<\/div>\n<\/div>\n<\/div>\n<div id=\"cmsms_row_69e607a90de04\" class=\"cmsms_row cmsms_color_scheme_default\">\n<div class=\"cmsms_row_outer_parent\">\n<div class=\"cmsms_row_outer\">\n<div class=\"cmsms_row_inner\">\n<div class=\"cmsms_row_margin\">\n<div class=\"cmsms_column one_first\">\n<div id=\"cmsms_divider_69e607a90de9e\" class=\"cmsms_divider solid\"><\/div>\n<\/div>\n<\/div>\n<\/div>\n<\/div>\n<\/div>\n<\/div>\n<div id=\"cmsms_row_69e607a90dee0\" class=\"cmsms_row cmsms_color_scheme_default\">\n<div class=\"cmsms_row_outer_parent\">\n<div class=\"cmsms_row_outer\">\n<div class=\"cmsms_row_inner\">\n<div class=\"cmsms_row_margin\">\n<div class=\"cmsms_column two_third\">\n<h1 id=\"cmsms_heading_69e607a90df7d\" class=\"cmsms_heading\">Over het EU-RESEMBID project <\/h1><div class=\"cmsms_text\">\n<p>De Europese Unie heeft financiering beschikbaar gesteld onder het 11e Europese Ontwikkelingsfonds Caribisch Regionaal Programma voor Veerkracht, Hernieuwbare Energie en Mariene Biodiversiteit (RESEMBID). Een van de projecten die door het RESEMBID-programma worden gefinancierd, is een &#8220;Ontwikkelingsplan voor Ramsar Wetland van Internationaal Belang #2355: Klein Cura\u00e7ao&#8221; (verder aangeduid als Klein Cura\u00e7ao). Het Ministerie van Gezondheid, Milieu en Natuur (GMN) is de hoofdaanvrager voor de ontwikkeling van dit Plan en de financiering is geregeld in samenwerking met het Ministerie van Algemene Zaken.<\/p>\n<p>Het doel van dit Plan is om strategie\u00ebn te ontwikkelen om de natuurlijke bronnen van Klein Cura\u00e7ao te beschermen, terwijl het duurzaam gebruik van dit gebied voor bezoekers en inwoners van Cura\u00e7ao mogelijk wordt gemaakt.<\/p>\n<\/div>\n<\/div>\n<div class=\"cmsms_column one_third\">\n<div class=\"cmsms_img  cmsms_image_n\" data-animation=\"fadeInLeft\" data-delay=\"0\">\n<img decoding=\"async\" src=\"https:\/\/i0.wp.com\/kleincuracao.cw\/wp-content\/uploads\/2023\/06\/EN_fundedbyEU_VERTICAL_RGB_POS.png?fit=296%2C300&#038;ssl=1\" \/>\n<\/div>\n<\/div>\n<\/div>\n<\/div>\n<\/div>\n<\/div>\n<\/div>\n<div id=\"cmsms_row_69e607a90e205\" class=\"cmsms_row cmsms_color_scheme_default\">\n<div class=\"cmsms_row_outer_parent\">\n<div class=\"cmsms_row_outer\">\n<div class=\"cmsms_row_inner\">\n<div class=\"cmsms_row_margin\">\n<div class=\"cmsms_column one_first\">\n<div id=\"cmsms_divider_69e607a90e283\" class=\"cmsms_divider solid\"><\/div>\n<\/div>\n<\/div>\n<\/div>\n<\/div>\n<\/div>\n<\/div>\n<div id=\"cmsms_row_69e607a90e2c9\" class=\"cmsms_row cmsms_color_scheme_default\">\n<div class=\"cmsms_row_outer_parent\">\n<div class=\"cmsms_row_outer\">\n<div class=\"cmsms_row_inner\">\n<div class=\"cmsms_row_margin\">\n<div class=\"cmsms_column one_third\">\n<div class=\"cmsms_img  cmsms_image_n\" data-animation=\"fadeInLeft\" data-delay=\"0\">\n<img decoding=\"async\" src=\"https:\/\/i0.wp.com\/kleincuracao.cw\/wp-content\/uploads\/2023\/06\/KC-WEBSITE-IMAGE-3.jpg?fit=300%2C171&#038;ssl=1\" \/>\n<\/div>\n<\/div>\n<div class=\"cmsms_column two_third\">\n<h1 id=\"cmsms_heading_69e607a90e52f\" class=\"cmsms_heading\">Doelen van het project<\/h1><div class=\"cmsms_text\">\n<p>Het project heeft tot doel zoveel mogelijk waarde te cre\u00ebren om een beter beheer van de wateren rond het eiland te bevorderen; ontwikkeling van lange termijn mariene monitoringsprotocollen; bevordering van publieke bewustwording; terwijl het tegelijkertijd bijdraagt aan de 2030 Agenda van Duurzame Ontwikkelingsdoelen vervat in het Ontwikkelingsplan van Cura\u00e7ao 2015 -2030.<\/p>\n<\/div>\n<\/div>\n<\/div>\n<\/div>\n<\/div>\n<\/div>\n<\/div>\n<div id=\"cmsms_row_69e607a90e5bf\" class=\"cmsms_row cmsms_color_scheme_default\">\n<div class=\"cmsms_row_outer_parent\">\n<div class=\"cmsms_row_outer\">\n<div class=\"cmsms_row_inner\">\n<div class=\"cmsms_row_margin\">\n<div class=\"cmsms_column one_first\">\n<div id=\"cmsms_divider_69e607a90e637\" class=\"cmsms_divider solid\"><\/div>\n<\/div>\n<\/div>\n<\/div>\n<\/div>\n<\/div>\n<\/div>\n<div id=\"cmsms_row_69e607a90e674\" class=\"cmsms_row cmsms_color_scheme_default\">\n<div class=\"cmsms_row_outer_parent\">\n<div class=\"cmsms_row_outer\">\n<div class=\"cmsms_row_inner\">\n<div class=\"cmsms_row_margin\">\n<div class=\"cmsms_column two_third\">\n<h1 id=\"cmsms_heading_69e607a90e749\" class=\"cmsms_heading\">Belangrijkste resultaten <\/h1><div class=\"cmsms_text\">\n<p>De belangrijkste resultaten zijn:<\/p>\n<ol>\n<li>Het opzetten van een algemeen vergunningssysteem; functioneel om het gebruik van Klein Cura\u00e7ao voor recreatie- en toerisme-gerelateerde activiteiten te beheren;<\/li>\n<li>Het opzetten van een onderzoeks- en monitoringkader om een voortdurende evaluatie van het ecosysteem van het eiland te bieden;<\/li>\n<li>Het formuleren van een Klein Cura\u00e7ao Ontwikkelingsplan;<\/li>\n<li>Het implementeren van een nationaal bewustwordings- en communicatieplan;<\/li>\n<li>Het formuleren van een financieringskader, opgezet om de inspanningen ter bescherming van het milieu op Klein Cura\u00e7ao te ondersteunen.<\/li>\n<\/ol>\n<\/div>\n<\/div>\n<div class=\"cmsms_column one_third\">\n<div class=\"cmsms_img  cmsms_image_n\" data-animation=\"fadeInLeft\" data-delay=\"0\">\n<img decoding=\"async\" src=\"https:\/\/i0.wp.com\/kleincuracao.cw\/wp-content\/uploads\/2023\/06\/KC-WEBSITE-IMAGE-1.jpg?fit=300%2C171&#038;ssl=1\" \/>\n<\/div>\n<\/div>\n<\/div>\n<\/div>\n<\/div>\n<\/div>\n<\/div>\n<div id=\"cmsms_row_69e607a90e9f8\" class=\"cmsms_row cmsms_color_scheme_default\">\n<div class=\"cmsms_row_outer_parent\">\n<div class=\"cmsms_row_outer\">\n<div class=\"cmsms_row_inner\">\n<div class=\"cmsms_row_margin\">\n<div class=\"cmsms_column one_first\">\n<div id=\"cmsms_divider_69e607a90ea76\" class=\"cmsms_divider solid\"><\/div>\n<\/div>\n<\/div>\n<\/div>\n<\/div>\n<\/div>\n<\/div>\n<div id=\"cmsms_row_69e607a90eab7\" class=\"cmsms_row cmsms_color_scheme_default\">\n<div class=\"cmsms_row_outer_parent\">\n<div class=\"cmsms_row_outer\">\n<div class=\"cmsms_row_inner\">\n<div class=\"cmsms_row_margin\">\n<div class=\"cmsms_column one_first\">\n<h1 id=\"cmsms_heading_69e607a90ec07\" class=\"cmsms_heading\">Onze Partners<\/h1><div class=\"cmsms_text\">\n<p style=\"text-align: center;\"><span style=\"font-weight: 400;\">De regering van Cura\u00e7ao heeft bevestigd dat de uitvoering van dit project is toegekend aan een Consortium onder leiding van EcoSense na een lokale aanbestedingsprocedure. Het Consortium bestaat uit de volgende organisaties: <\/span><a href=\"https:\/\/www.carmabi.org\/carmabi-organisation\" target=\"_blank\" rel=\"noopener\"><span style=\"font-weight: 400;\">Carmabi<\/span><\/a><span style=\"font-weight: 400;\">, <\/span><a href=\"https:\/\/caribbeanlegalconsultancy.com\/\" target=\"_blank\" rel=\"noopener\"><span style=\"font-weight: 400;\">Caribbean Legal Consultancy<\/span><\/a><span style=\"font-weight: 400;\">,<\/span> <a href=\"https:\/\/ecosense.consulting\/\" target=\"_blank\" rel=\"noopener\"><span style=\"font-weight: 400;\">EcoSense<\/span><\/a><span style=\"font-weight: 400;\">, <\/span><a href=\"https:\/\/www.linkedin.com\/company\/markstra-caribbean---marketing-strategy-innovation\/\" target=\"_blank\" rel=\"noopener\"><span style=\"font-weight: 400;\">Markstra Caribbean<\/span><\/a><span style=\"font-weight: 400;\">, <a href=\"https:\/\/www.linkedin.com\/in\/michael-newton-96976b14\/\" target=\"_blank\" rel=\"noopener\">Newton Heritage Consulting<\/a>, <\/span><a href=\"https:\/\/profoundprojects.com\/\" target=\"_blank\" rel=\"noopener\"><span style=\"font-weight: 400;\">Profound<\/span><\/a><span style=\"font-weight: 400;\"> and <\/span><a href=\"https:\/\/www.seaturtleconservationcuracao.org\/\" target=\"_blank\" rel=\"noopener\"><span style=\"font-weight: 400;\">Sea Turtle Conservation Cura\u00e7ao<\/span><\/a><span style=\"font-weight: 400;\">.<\/span><\/p>\n<p style=\"text-align: center;\"><span style=\"font-weight: 400;\">Dit project wordt gefinancierd door de Europese Unie via het Resilience, Sustainable Energy, Marine Biodiversity (RESEMBID) Programma; een programma van 42 miljoen euro dat de duurzame menselijke ontwikkelingsinspanningen van de 12 Caribische Overzeese Landen en Gebieden ondersteunt met 47 projecten in zijn portfolio.<\/span><\/p>\n<\/div>\n<\/div>\n<\/div>\n<\/div>\n<\/div>\n<\/div>\n<\/div>\n<div id=\"cmsms_row_69e607a90ed84\" class=\"cmsms_row cmsms_color_scheme_default\">\n<div class=\"cmsms_row_outer_parent\">\n<div class=\"cmsms_row_outer\">\n<div class=\"cmsms_row_inner\">\n<div class=\"cmsms_row_margin\">\n<div class=\"cmsms_column one_first\">\n\n<script type=\"text\/javascript\">jQuery(document).ready(function () { jQuery(\"#cmsms_clients_69e607a90ee2c\").owlCarousel( { singleItem : false, items : 2, itemsDesktopSmall : [768,2], itemsTablet: [540,1], slideSpeed : 1000, paginationSpeed : \t1000, autoPlay : false, stopOnHover: true, pagination: false, navigationText : \t[ \"<span class=\\\"cmsms_prev_arrow\\\"><\/span>\", \"<span class=\\\"cmsms_next_arrow\\\"><\/span>\" ] } );} );<\/script>\n<div class=\"cmsms_clients_slider_wrap\">\n<div id=\"cmsms_clients_69e607a90ee2c\" class=\"cmsms_clients_slider owl-carousel clients_noborder\">\n<div class=\"cmsms_clients_item item\">\n<a href=\"https:\/\/gobiernu.cw\/\" target=\"_blank\"><img decoding=\"async\" src=\"https:\/\/i0.wp.com\/kleincuracao.cw\/wp-content\/uploads\/2023\/06\/Logo_gov2.png?fit=1920%2C702&#038;ssl=1\" alt=\"Gobiernu\" title=\"Gobiernu\" \/><\/a>\n<\/div>\n<div class=\"cmsms_clients_item item\">\n<a href=\"https:\/\/resembid.org\/\" target=\"_blank\"><img decoding=\"async\" src=\"https:\/\/i0.wp.com\/kleincuracao.cw\/wp-content\/uploads\/2023\/06\/RESEMBID-Logo-Redesign-FINAL_Full-Colour.png?fit=2401%2C901&#038;ssl=1\" alt=\"Resembid\" title=\"Resembid\" \/><\/a>\n<\/div>\n<\/div>\n<\/div>\n\n<script type=\"text\/javascript\">jQuery(document).ready(function () { jQuery(\"#cmsms_clients_69e607a90f16e\").owlCarousel( { singleItem : false, items : 4, itemsDesktopSmall : [768,2], itemsTablet: [540,1], slideSpeed : 1000, paginationSpeed : \t1000, autoPlay : false, stopOnHover: true, pagination: false, navigationText : \t[ \"<span class=\\\"cmsms_prev_arrow\\\"><\/span>\", \"<span class=\\\"cmsms_next_arrow\\\"><\/span>\" ] } );} );<\/script>\n<div class=\"cmsms_clients_slider_wrap\">\n<div id=\"cmsms_clients_69e607a90f16e\" class=\"cmsms_clients_slider owl-carousel clients_noborder\">\n<div class=\"cmsms_clients_item item\">\n<a href=\"https:\/\/commission.europa.eu\/index_en\" target=\"_blank\"><img decoding=\"async\" src=\"https:\/\/i0.wp.com\/kleincuracao.cw\/wp-content\/uploads\/2023\/06\/EN_fundedbyEU_VERTICAL_RGB_POS.png?fit=910%2C922&#038;ssl=1\" alt=\"Funded by EU\" title=\"Funded by EU\" \/><\/a>\n<\/div>\n<div class=\"cmsms_clients_item item\">\n<img decoding=\"async\" src=\"https:\/\/i0.wp.com\/kleincuracao.cw\/wp-content\/uploads\/2023\/06\/Logo-Expertise-France.png?fit=513%2C194&#038;ssl=1\" alt=\"Expertise France\" title=\"Expertise France\" \/>\n<\/div>\n<div class=\"cmsms_clients_item item\">\n<img decoding=\"async\" src=\"https:\/\/i0.wp.com\/kleincuracao.cw\/wp-content\/uploads\/2023\/06\/GFDRR-logo-black.png?fit=510%2C122&#038;ssl=1\" alt=\"GFDRR\" title=\"GFDRR\" \/>\n<\/div>\n<div class=\"cmsms_clients_item item\">\n<img decoding=\"async\" src=\"https:\/\/i0.wp.com\/kleincuracao.cw\/wp-content\/uploads\/2023\/06\/The-world-bank-logo.png?fit=546%2C122&#038;ssl=1\" alt=\"World Bank\" title=\"World Bank\" \/>\n<\/div>\n<\/div>\n<\/div>\n\n<script type=\"text\/javascript\">jQuery(document).ready(function () { jQuery(\"#cmsms_clients_69e607a90f74b\").owlCarousel( { singleItem : false, items : 4, itemsDesktopSmall : [768,2], itemsTablet: [540,1], slideSpeed : 1000, paginationSpeed : \t1000, autoPlay : false, stopOnHover: true, pagination: false, navigationText : \t[ \"<span class=\\\"cmsms_prev_arrow\\\"><\/span>\", \"<span class=\\\"cmsms_next_arrow\\\"><\/span>\" ] } );} );<\/script>\n<div class=\"cmsms_clients_slider_wrap\">\n<div id=\"cmsms_clients_69e607a90f74b\" class=\"cmsms_clients_slider owl-carousel clients_noborder\">\n<div class=\"cmsms_clients_item item\">\n<a href=\"https:\/\/www.carmabi.org\/carmabi-organisation\" target=\"_blank\"><img decoding=\"async\" src=\"https:\/\/i0.wp.com\/kleincuracao.cw\/wp-content\/uploads\/2023\/06\/logo.png?fit=1987%2C761&#038;ssl=1\" alt=\"Carmabi\" title=\"Carmabi\" \/><\/a>\n<\/div>\n<div class=\"cmsms_clients_item item\">\n<a href=\"https:\/\/caribbeanlegalconsultancy.com\/\" target=\"_blank\"><img decoding=\"async\" src=\"https:\/\/i0.wp.com\/kleincuracao.cw\/wp-content\/uploads\/2023\/06\/WhatsApp-Image-2023-06-22-at-13.23.17.jpeg?fit=1024%2C1009&#038;ssl=1\" alt=\"CLC Legal Services\" title=\"CLC Legal Services\" \/><\/a>\n<\/div>\n<div class=\"cmsms_clients_item item\">\n<a href=\"https:\/\/ecosense.consulting\/\" target=\"_blank\"><img decoding=\"async\" src=\"https:\/\/i0.wp.com\/kleincuracao.cw\/wp-content\/uploads\/2023\/06\/ES_Full_Color%404x.png?fit=1362%2C1920&#038;ssl=1\" alt=\"EcoSense\" title=\"EcoSense\" \/><\/a>\n<\/div>\n<div class=\"cmsms_clients_item item\">\n<a href=\"https:\/\/www.linkedin.com\/company\/markstra-caribbean---marketing-strategy-innovation\/\" target=\"_blank\"><img decoding=\"async\" src=\"https:\/\/i0.wp.com\/kleincuracao.cw\/wp-content\/uploads\/2023\/06\/MarkStra-Caribbean-logo-adjustment.jpg?fit=240%2C197&#038;ssl=1\" alt=\"Markstra Caribbean\" title=\"Markstra Caribbean\" \/><\/a>\n<\/div>\n<\/div>\n<\/div>\n\n<script type=\"text\/javascript\">jQuery(document).ready(function () { jQuery(\"#cmsms_clients_69e607a90fd70\").owlCarousel( { singleItem : false, items : 4, itemsDesktopSmall : [768,2], itemsTablet: [540,1], slideSpeed : 1000, paginationSpeed : \t1000, autoPlay : false, stopOnHover: true, pagination: false, navigationText : \t[ \"<span class=\\\"cmsms_prev_arrow\\\"><\/span>\", \"<span class=\\\"cmsms_next_arrow\\\"><\/span>\" ] } );} );<\/script>\n<div class=\"cmsms_clients_slider_wrap\">\n<div id=\"cmsms_clients_69e607a90fd70\" class=\"cmsms_clients_slider owl-carousel clients_noborder\">\n<div class=\"cmsms_clients_item item\">\n<a href=\"https:\/\/www.linkedin.com\/in\/michael-newton-96976b14\/\" target=\"_blank\"><img decoding=\"async\" src=\"https:\/\/i0.wp.com\/kleincuracao.cw\/wp-content\/uploads\/2023\/06\/logo-pos-NHCcurve.jpg?fit=343%2C148&#038;ssl=1\" alt=\"Newton Heritage Consulting\" title=\"Newton Heritage Consulting\" \/><\/a>\n<\/div>\n<div class=\"cmsms_clients_item item\">\n<a href=\"https:\/\/profoundprojects.com\/\" target=\"_blank\"><img decoding=\"async\" src=\"https:\/\/i0.wp.com\/kleincuracao.cw\/wp-content\/uploads\/2023\/06\/Profound-Logo-png-3-1.png?fit=576%2C121&#038;ssl=1\" alt=\"Profound\" title=\"Profound\" \/><\/a>\n<\/div>\n<div class=\"cmsms_clients_item item\">\n<a href=\"https:\/\/www.seaturtleconservationcuracao.org\/\" target=\"_blank\"><img decoding=\"async\" src=\"https:\/\/i0.wp.com\/kleincuracao.cw\/wp-content\/uploads\/2023\/06\/STCC-logo-text-only.png?fit=800%2C157&#038;ssl=1\" alt=\"Sea Turtle Conversation Cura\u00e7ao\" title=\"Sea Turtle Conversation Cura\u00e7ao\" \/><\/a>\n<\/div>\n<\/div>\n<\/div>\n<\/div>\n<\/div>\n<\/div>\n<\/div>\n<\/div>\n<\/div>\n\n","protected":false},"excerpt":{"rendered":"","protected":false},"author":1,"featured_media":0,"parent":0,"menu_order":0,"comment_status":"closed","ping_status":"closed","template":"","meta":{"footnotes":""},"class_list":["post-5052","page","type-page","status-publish","hentry"],"yoast_head":"<!-- This site is optimized with the Yoast SEO plugin v27.4 - https:\/\/yoast.com\/product\/yoast-seo-wordpress\/ -->\n<title>Over het Klein Cura\u00e7ao-project - Klein Cura\u00e7ao<\/title>\n<meta name=\"description\" content=\"Over het Klein Cura\u00e7ao project en de doelen die we willen bereiken, in samenwerking met onze partners.\" \/>\n<meta name=\"robots\" content=\"index, follow, max-snippet:-1, max-image-preview:large, max-video-preview:-1\" \/>\n<link rel=\"canonical\" href=\"https:\/\/kleincuracao.cw\/nl\/about-the-resembid-project\/\" \/>\n<meta property=\"og:locale\" content=\"nl_NL\" \/>\n<meta property=\"og:type\" content=\"article\" \/>\n<meta property=\"og:title\" content=\"Over het Klein Cura\u00e7ao-project - Klein Cura\u00e7ao\" \/>\n<meta property=\"og:description\" content=\"Over het Klein Cura\u00e7ao project en de doelen die we willen bereiken, in samenwerking met onze partners.\" \/>\n<meta property=\"og:url\" content=\"https:\/\/kleincuracao.cw\/nl\/about-the-resembid-project\/\" \/>\n<meta property=\"og:site_name\" content=\"Klein Cura\u00e7ao\" \/>\n<meta property=\"article:modified_time\" content=\"2023-07-20T19:41:42+00:00\" \/>\n<meta name=\"twitter:card\" content=\"summary_large_image\" \/>\n<meta name=\"twitter:label1\" content=\"Geschatte leestijd\" \/>\n\t<meta name=\"twitter:data1\" content=\"3 minuten\" \/>\n<script type=\"application\/ld+json\" class=\"yoast-schema-graph\">{\"@context\":\"https:\\\/\\\/schema.org\",\"@graph\":[{\"@type\":\"WebPage\",\"@id\":\"https:\\\/\\\/kleincuracao.cw\\\/nl\\\/about-the-resembid-project\\\/\",\"url\":\"https:\\\/\\\/kleincuracao.cw\\\/nl\\\/about-the-resembid-project\\\/\",\"name\":\"Over het Klein Cura\u00e7ao-project - Klein Cura\u00e7ao\",\"isPartOf\":{\"@id\":\"https:\\\/\\\/kleincuracao.cw\\\/#website\"},\"datePublished\":\"2014-07-21T14:46:58+00:00\",\"dateModified\":\"2023-07-20T19:41:42+00:00\",\"description\":\"Over het Klein Cura\u00e7ao project en de doelen die we willen bereiken, in samenwerking met onze partners.\",\"breadcrumb\":{\"@id\":\"https:\\\/\\\/kleincuracao.cw\\\/nl\\\/about-the-resembid-project\\\/#breadcrumb\"},\"inLanguage\":\"nl-NL\",\"potentialAction\":[{\"@type\":\"ReadAction\",\"target\":[\"https:\\\/\\\/kleincuracao.cw\\\/nl\\\/about-the-resembid-project\\\/\"]}]},{\"@type\":\"BreadcrumbList\",\"@id\":\"https:\\\/\\\/kleincuracao.cw\\\/nl\\\/about-the-resembid-project\\\/#breadcrumb\",\"itemListElement\":[{\"@type\":\"ListItem\",\"position\":1,\"name\":\"Home\",\"item\":\"https:\\\/\\\/kleincuracao.cw\\\/nl\\\/\"},{\"@type\":\"ListItem\",\"position\":2,\"name\":\"Over het Klein Cura\u00e7ao-project\"}]},{\"@type\":\"WebSite\",\"@id\":\"https:\\\/\\\/kleincuracao.cw\\\/#website\",\"url\":\"https:\\\/\\\/kleincuracao.cw\\\/\",\"name\":\"Klein Cura\u00e7ao\",\"description\":\"\",\"potentialAction\":[{\"@type\":\"SearchAction\",\"target\":{\"@type\":\"EntryPoint\",\"urlTemplate\":\"https:\\\/\\\/kleincuracao.cw\\\/?s={search_term_string}\"},\"query-input\":{\"@type\":\"PropertyValueSpecification\",\"valueRequired\":true,\"valueName\":\"search_term_string\"}}],\"inLanguage\":\"nl-NL\"}]}<\/script>\n<!-- \/ Yoast SEO plugin. -->","yoast_head_json":{"title":"Over het Klein Cura\u00e7ao-project - Klein Cura\u00e7ao","description":"Over het Klein Cura\u00e7ao project en de doelen die we willen bereiken, in samenwerking met onze partners.","robots":{"index":"index","follow":"follow","max-snippet":"max-snippet:-1","max-image-preview":"max-image-preview:large","max-video-preview":"max-video-preview:-1"},"canonical":"https:\/\/kleincuracao.cw\/nl\/about-the-resembid-project\/","og_locale":"nl_NL","og_type":"article","og_title":"Over het Klein Cura\u00e7ao-project - Klein Cura\u00e7ao","og_description":"Over het Klein Cura\u00e7ao project en de doelen die we willen bereiken, in samenwerking met onze partners.","og_url":"https:\/\/kleincuracao.cw\/nl\/about-the-resembid-project\/","og_site_name":"Klein Cura\u00e7ao","article_modified_time":"2023-07-20T19:41:42+00:00","twitter_card":"summary_large_image","twitter_misc":{"Geschatte leestijd":"3 minuten"},"schema":{"@context":"https:\/\/schema.org","@graph":[{"@type":"WebPage","@id":"https:\/\/kleincuracao.cw\/nl\/about-the-resembid-project\/","url":"https:\/\/kleincuracao.cw\/nl\/about-the-resembid-project\/","name":"Over het Klein Cura\u00e7ao-project - Klein Cura\u00e7ao","isPartOf":{"@id":"https:\/\/kleincuracao.cw\/#website"},"datePublished":"2014-07-21T14:46:58+00:00","dateModified":"2023-07-20T19:41:42+00:00","description":"Over het Klein Cura\u00e7ao project en de doelen die we willen bereiken, in samenwerking met onze partners.","breadcrumb":{"@id":"https:\/\/kleincuracao.cw\/nl\/about-the-resembid-project\/#breadcrumb"},"inLanguage":"nl-NL","potentialAction":[{"@type":"ReadAction","target":["https:\/\/kleincuracao.cw\/nl\/about-the-resembid-project\/"]}]},{"@type":"BreadcrumbList","@id":"https:\/\/kleincuracao.cw\/nl\/about-the-resembid-project\/#breadcrumb","itemListElement":[{"@type":"ListItem","position":1,"name":"Home","item":"https:\/\/kleincuracao.cw\/nl\/"},{"@type":"ListItem","position":2,"name":"Over het Klein Cura\u00e7ao-project"}]},{"@type":"WebSite","@id":"https:\/\/kleincuracao.cw\/#website","url":"https:\/\/kleincuracao.cw\/","name":"Klein Cura\u00e7ao","description":"","potentialAction":[{"@type":"SearchAction","target":{"@type":"EntryPoint","urlTemplate":"https:\/\/kleincuracao.cw\/?s={search_term_string}"},"query-input":{"@type":"PropertyValueSpecification","valueRequired":true,"valueName":"search_term_string"}}],"inLanguage":"nl-NL"}]}},"jetpack_sharing_enabled":true,"_links":{"self":[{"href":"https:\/\/kleincuracao.cw\/nl\/wp-json\/wp\/v2\/pages\/5052","targetHints":{"allow":["GET"]}}],"collection":[{"href":"https:\/\/kleincuracao.cw\/nl\/wp-json\/wp\/v2\/pages"}],"about":[{"href":"https:\/\/kleincuracao.cw\/nl\/wp-json\/wp\/v2\/types\/page"}],"author":[{"embeddable":true,"href":"https:\/\/kleincuracao.cw\/nl\/wp-json\/wp\/v2\/users\/1"}],"replies":[{"embeddable":true,"href":"https:\/\/kleincuracao.cw\/nl\/wp-json\/wp\/v2\/comments?post=5052"}],"version-history":[{"count":3,"href":"https:\/\/kleincuracao.cw\/nl\/wp-json\/wp\/v2\/pages\/5052\/revisions"}],"predecessor-version":[{"id":5120,"href":"https:\/\/kleincuracao.cw\/nl\/wp-json\/wp\/v2\/pages\/5052\/revisions\/5120"}],"wp:attachment":[{"href":"https:\/\/kleincuracao.cw\/nl\/wp-json\/wp\/v2\/media?parent=5052"}],"curies":[{"name":"wp","href":"https:\/\/api.w.org\/{rel}","templated":true}]}}